{"id":203,"date":"2017-07-08T14:16:27","date_gmt":"2017-07-08T18:16:27","guid":{"rendered":"https:\/\/etiennefd.com\/cteniq\/?page_id=203"},"modified":"2018-01-07T17:02:56","modified_gmt":"2018-01-07T22:02:56","slug":"archives","status":"publish","type":"page","link":"https:\/\/etiennefd.com\/cteniq\/archives\/","title":{"rendered":"Archives"},"content":{"rendered":"<div class=\"sya_container\" id=\"sya_container\"><h3><a id=\"year2025\"><\/a><a href=\"https:\/\/etiennefd.com\/cteniq\/2025\/\" rel=\"section\">2025<\/a><\/h3><ul><li class=\"\"><div class=\"sya_postcontent\"><span class=\"sya_date\">17 mai <span class=\"sya_sep\">\u2014 <\/span><\/span><a href=\"https:\/\/etiennefd.com\/cteniq\/tuanaki\/\" class=\"sya_postlink post-1578\" rel=\"bookmark\">Tuanaki<\/a><\/div><\/li><\/ul><h3><a id=\"year2024\"><\/a><a href=\"https:\/\/etiennefd.com\/cteniq\/2024\/\" rel=\"section\">2024<\/a><\/h3><ul><li class=\"\"><div class=\"sya_postcontent\"><span class=\"sya_date\">1 d\u00e9cembre <span class=\"sya_sep\">\u2014 <\/span><\/span><a href=\"https:\/\/etiennefd.com\/cteniq\/zanara\/\" class=\"sya_postlink post-1572\" rel=\"bookmark\">Zanara<\/a><\/div><\/li><\/ul><h3><a id=\"year2023\"><\/a><a href=\"https:\/\/etiennefd.com\/cteniq\/2023\/\" rel=\"section\">2023<\/a><\/h3><ul><li class=\"\"><div class=\"sya_postcontent\"><span class=\"sya_date\">30 d\u00e9cembre <span class=\"sya_sep\">\u2014 <\/span><\/span><a href=\"https:\/\/etiennefd.com\/cteniq\/mayda\/\" class=\"sya_postlink post-1534\" rel=\"bookmark\">Mayda<\/a><\/div><\/li><li class=\"\"><div class=\"sya_postcontent\"><span class=\"sya_date\">26 juillet <span class=\"sya_sep\">\u2014 <\/span><\/span><a href=\"https:\/\/etiennefd.com\/cteniq\/ile-saint-mathieu\/\" class=\"sya_postlink post-1521\" rel=\"bookmark\">L\u2019\u00eele Saint-Mathieu<\/a><\/div><\/li><li class=\"\"><div class=\"sya_postcontent\"><span class=\"sya_date\">13 mai <span class=\"sya_sep\">\u2014 <\/span><\/span><a href=\"https:\/\/etiennefd.com\/cteniq\/ile-maria-de-lajara\/\" class=\"sya_postlink post-1510\" rel=\"bookmark\">L\u2019\u00eele Mar\u00eda de Lajara<\/a><\/div><\/li><li class=\"\"><div class=\"sya_postcontent\"><span class=\"sya_date\">14 avril <span class=\"sya_sep\">\u2014 <\/span><\/span><a href=\"https:\/\/etiennefd.com\/cteniq\/los-jardines\/\" class=\"sya_postlink post-1475\" rel=\"bookmark\">Los Jardines<\/a><\/div><\/li><\/ul><h3><a id=\"year2022\"><\/a><a href=\"https:\/\/etiennefd.com\/cteniq\/2022\/\" rel=\"section\">2022<\/a><\/h3><ul><li class=\"\"><div class=\"sya_postcontent\"><span class=\"sya_date\">6 septembre <span class=\"sya_sep\">\u2014 <\/span><\/span><a href=\"https:\/\/etiennefd.com\/cteniq\/ile-aux-vaches\/\" class=\"sya_postlink post-1489\" rel=\"bookmark\">L&rsquo;\u00eele aux Vaches<\/a><\/div><\/li><li class=\"\"><div class=\"sya_postcontent\"><span class=\"sya_date\">30 juillet <span class=\"sya_sep\">\u2014 <\/span><\/span><a href=\"https:\/\/etiennefd.com\/cteniq\/kianida\/\" class=\"sya_postlink post-1461\" rel=\"bookmark\">Kianida<\/a><\/div><\/li><li class=\"\"><div class=\"sya_postcontent\"><span class=\"sya_date\">15 juin <span class=\"sya_sep\">\u2014 <\/span><\/span><a href=\"https:\/\/etiennefd.com\/cteniq\/ile-juan-de-lisboa\/\" class=\"sya_postlink post-1134\" rel=\"bookmark\">Les \u00eeles Juan de Lisboa et Dos Romeiros<\/a><\/div><\/li><li class=\"\"><div class=\"sya_postcontent\"><span class=\"sya_date\">16 mai <span class=\"sya_sep\">\u2014 <\/span><\/span><a href=\"https:\/\/etiennefd.com\/cteniq\/ile-jacquet\/\" class=\"sya_postlink post-1438\" rel=\"bookmark\">L&rsquo;\u00eele Jacquet<\/a><\/div><\/li><\/ul><h3><a id=\"year2020\"><\/a><a href=\"https:\/\/etiennefd.com\/cteniq\/2020\/\" rel=\"section\">2020<\/a><\/h3><ul><li class=\"\"><div class=\"sya_postcontent\"><span class=\"sya_date\">13 octobre <span class=\"sya_sep\">\u2014 <\/span><\/span><a href=\"https:\/\/etiennefd.com\/cteniq\/petit-calcul-ethique-sur-le-confinement\/\" class=\"sya_postlink post-1423\" rel=\"bookmark\">Petit calcul \u00e9thique sur le confinement<\/a><\/div><\/li><li class=\"\"><div class=\"sya_postcontent\"><span class=\"sya_date\">4 ao\u00fbt <span class=\"sya_sep\">\u2014 <\/span><\/span><a href=\"https:\/\/etiennefd.com\/cteniq\/ecrire-sur-le-web\/\" class=\"sya_postlink post-1169\" rel=\"bookmark\">\u00c9crire sur le web<\/a><\/div><\/li><li class=\"\"><div class=\"sya_postcontent\"><span class=\"sya_date\">28 juillet <span class=\"sya_sep\">\u2014 <\/span><\/span><a href=\"https:\/\/etiennefd.com\/cteniq\/rapport-de-lecture-faire-la-morale-aux-robots\/\" class=\"sya_postlink post-1157\" rel=\"bookmark\">Rapport de lecture : Faire la morale aux robots<\/a><\/div><\/li><li class=\"\"><div class=\"sya_postcontent\"><span class=\"sya_date\">14 juin <span class=\"sya_sep\">\u2014 <\/span><\/span><a href=\"https:\/\/etiennefd.com\/cteniq\/leconomie-comme-mecanique-du-monde\/\" class=\"sya_postlink post-1142\" rel=\"bookmark\">L&rsquo;\u00e9conomie comme m\u00e9canique du monde<\/a><\/div><\/li><li class=\"\"><div class=\"sya_postcontent\"><span class=\"sya_date\">31 mai <span class=\"sya_sep\">\u2014 <\/span><\/span><a href=\"https:\/\/etiennefd.com\/cteniq\/ile-de-hy-brasil\/\" class=\"sya_postlink post-1103\" rel=\"bookmark\">L\u2019\u00eele de Hy-Brasil<\/a><\/div><\/li><li class=\"\"><div class=\"sya_postcontent\"><span class=\"sya_date\">19 avril <span class=\"sya_sep\">\u2014 <\/span><\/span><a href=\"https:\/\/etiennefd.com\/cteniq\/groclant\/\" class=\"sya_postlink post-1006\" rel=\"bookmark\">Groclant<\/a><\/div><\/li><li class=\"\"><div class=\"sya_postcontent\"><span class=\"sya_date\">12 avril <span class=\"sya_sep\">\u2014 <\/span><\/span><a href=\"https:\/\/etiennefd.com\/cteniq\/de-la-mode-vestimentaire-dans-lempire-russe-1908-1915\/\" class=\"sya_postlink post-1037\" rel=\"bookmark\">De la mode vestimentaire dans l&rsquo;Empire russe, 1908-1915<\/a><\/div><\/li><li class=\"\"><div class=\"sya_postcontent\"><span class=\"sya_date\">2 avril <span class=\"sya_sep\">\u2014 <\/span><\/span><a href=\"https:\/\/etiennefd.com\/cteniq\/frisland\/\" class=\"sya_postlink post-871\" rel=\"bookmark\">Frisland<\/a><\/div><\/li><li class=\"\"><div class=\"sya_postcontent\"><span class=\"sya_date\">3 mars <span class=\"sya_sep\">\u2014 <\/span><\/span><a href=\"https:\/\/etiennefd.com\/cteniq\/viande-jeux-a-somme-positive-et-virologie-resume-de-mes-reflexions-hivernales\/\" class=\"sya_postlink post-955\" rel=\"bookmark\">Viande, jeux \u00e0 somme positive et virologie\u00a0: r\u00e9sum\u00e9 de mes r\u00e9flexions hivernales<\/a><\/div><\/li><li class=\"\"><div class=\"sya_postcontent\"><span class=\"sya_date\">9 f\u00e9vrier <span class=\"sya_sep\">\u2014 <\/span><\/span><a href=\"https:\/\/etiennefd.com\/cteniq\/les-recifs\/\" class=\"sya_postlink post-923\" rel=\"bookmark\">Les r\u00e9cifs Ernest-Legouv\u00e9 et Maria-Theresa, et quelques autres objets fant\u00f4mes de la m\u00eame r\u00e9gion<\/a><\/div><\/li><li class=\"\"><div class=\"sya_postcontent\"><span class=\"sya_date\">8 f\u00e9vrier <span class=\"sya_sep\">\u2014 <\/span><\/span><a href=\"https:\/\/etiennefd.com\/cteniq\/ile-emerald\/\" class=\"sya_postlink post-900\" rel=\"bookmark\">L\u2019\u00eele Emerald<\/a><\/div><\/li><li class=\"\"><div class=\"sya_postcontent\"><span class=\"sya_date\">2 f\u00e9vrier <span class=\"sya_sep\">\u2014 <\/span><\/span><a href=\"https:\/\/etiennefd.com\/cteniq\/japprouve-du-vote-par-approbation\/\" class=\"sya_postlink post-906\" rel=\"bookmark\">J\u2019approuve du vote par approbation<\/a><\/div><\/li><li class=\"\"><div class=\"sya_postcontent\"><span class=\"sya_date\">1 f\u00e9vrier <span class=\"sya_sep\">\u2014 <\/span><\/span><a href=\"https:\/\/etiennefd.com\/cteniq\/ile-elizabeth\/\" class=\"sya_postlink post-888\" rel=\"bookmark\">L\u2019\u00eele Elizabeth<\/a><\/div><\/li><li class=\"\"><div class=\"sya_postcontent\"><span class=\"sya_date\">26 janvier <span class=\"sya_sep\">\u2014 <\/span><\/span><a href=\"https:\/\/etiennefd.com\/cteniq\/ile-de-dougherty\/\" class=\"sya_postlink post-848\" rel=\"bookmark\">L\u2019\u00eele de Dougherty<\/a><\/div><\/li><\/ul><h3><a id=\"year2019\"><\/a><a href=\"https:\/\/etiennefd.com\/cteniq\/2019\/\" rel=\"section\">2019<\/a><\/h3><ul><li class=\"\"><div class=\"sya_postcontent\"><span class=\"sya_date\">31 d\u00e9cembre <span class=\"sya_sep\">\u2014 <\/span><\/span><a href=\"https:\/\/etiennefd.com\/cteniq\/ile-des-demons\/\" class=\"sya_postlink post-707\" rel=\"bookmark\">L&rsquo;\u00eele des D\u00e9mons<\/a><\/div><\/li><li class=\"\"><div class=\"sya_postcontent\"><span class=\"sya_date\">29 d\u00e9cembre <span class=\"sya_sep\">\u2014 <\/span><\/span><a href=\"https:\/\/etiennefd.com\/cteniq\/revue-de-la-decennie-les-annees-10\/\" class=\"sya_postlink post-846\" rel=\"bookmark\">Revue de la d\u00e9cennie : les ann\u00e9es 10<\/a><\/div><\/li><li class=\"\"><div class=\"sya_postcontent\"><span class=\"sya_date\">3 d\u00e9cembre <span class=\"sya_sep\">\u2014 <\/span><\/span><a href=\"https:\/\/etiennefd.com\/cteniq\/rapport-de-lecture-pour-nous-liberer-les-rivieres\/\" class=\"sya_postlink post-813\" rel=\"bookmark\">Rapport de lecture : Pour nous lib\u00e9rer les rivi\u00e8res<\/a><\/div><\/li><li class=\"\"><div class=\"sya_postcontent\"><span class=\"sya_date\">30 novembre <span class=\"sya_sep\">\u2014 <\/span><\/span><a href=\"https:\/\/etiennefd.com\/cteniq\/la-terre-de-davis\/\" class=\"sya_postlink post-798\" rel=\"bookmark\">La Terre de Davis<\/a><\/div><\/li><li class=\"\"><div class=\"sya_postcontent\"><span class=\"sya_date\">10 novembre <span class=\"sya_sep\">\u2014 <\/span><\/span><a href=\"https:\/\/etiennefd.com\/cteniq\/crocker-land-et-bradley-land\/\" class=\"sya_postlink post-789\" rel=\"bookmark\">Crocker Land et Bradley Land<\/a><\/div><\/li><li class=\"\"><div class=\"sya_postcontent\"><span class=\"sya_date\">13 octobre <span class=\"sya_sep\">\u2014 <\/span><\/span><a href=\"https:\/\/etiennefd.com\/cteniq\/la-coree\/\" class=\"sya_postlink post-777\" rel=\"bookmark\">La Cor\u00e9e<\/a><\/div><\/li><li class=\"\"><div class=\"sya_postcontent\"><span class=\"sya_date\">28 septembre <span class=\"sya_sep\">\u2014 <\/span><\/span><a href=\"https:\/\/etiennefd.com\/cteniq\/ile-de-californie\/\" class=\"sya_postlink post-763\" rel=\"bookmark\">L\u2019\u00eele de Californie<\/a><\/div><\/li><li class=\"\"><div class=\"sya_postcontent\"><span class=\"sya_date\">14 septembre <span class=\"sya_sep\">\u2014 <\/span><\/span><a href=\"https:\/\/etiennefd.com\/cteniq\/ile-buss\/\" class=\"sya_postlink post-747\" rel=\"bookmark\">L\u2019\u00eele Buss<\/a><\/div><\/li><li class=\"\"><div class=\"sya_postcontent\"><span class=\"sya_date\">8 septembre <span class=\"sya_sep\">\u2014 <\/span><\/span><a href=\"https:\/\/etiennefd.com\/cteniq\/ile-de-saint-brendan\/\" class=\"sya_postlink post-738\" rel=\"bookmark\">L\u2019\u00eele de Saint-Brendan<\/a><\/div><\/li><li class=\"\"><div class=\"sya_postcontent\"><span class=\"sya_date\">31 ao\u00fbt <span class=\"sya_sep\">\u2014 <\/span><\/span><a href=\"https:\/\/etiennefd.com\/cteniq\/lile-de-bermeja\/\" class=\"sya_postlink post-726\" rel=\"bookmark\">L&rsquo;\u00eele de Bermeja<\/a><\/div><\/li><li class=\"\"><div class=\"sya_postcontent\"><span class=\"sya_date\">24 ao\u00fbt <span class=\"sya_sep\">\u2014 <\/span><\/span><a href=\"https:\/\/etiennefd.com\/cteniq\/bacalao\/\" class=\"sya_postlink post-711\" rel=\"bookmark\">Bacalao<\/a><\/div><\/li><li class=\"\"><div class=\"sya_postcontent\"><span class=\"sya_date\">17 ao\u00fbt <span class=\"sya_sep\">\u2014 <\/span><\/span><a href=\"https:\/\/etiennefd.com\/cteniq\/iles-aurora\/\" class=\"sya_postlink post-687\" rel=\"bookmark\">Les \u00eeles Aurora<\/a><\/div><\/li><li class=\"\"><div class=\"sya_postcontent\"><span class=\"sya_date\">10 ao\u00fbt <span class=\"sya_sep\">\u2014 <\/span><\/span><a href=\"https:\/\/etiennefd.com\/cteniq\/antillia\/\" class=\"sya_postlink post-674\" rel=\"bookmark\">Antillia<\/a><\/div><\/li><li class=\"\"><div class=\"sya_postcontent\"><span class=\"sya_date\">8 ao\u00fbt <span class=\"sya_sep\">\u2014 <\/span><\/span><a href=\"https:\/\/etiennefd.com\/cteniq\/latlas-des-iles-fantomes\/\" class=\"sya_postlink post-664\" rel=\"bookmark\">L\u2019atlas des \u00eeles fant\u00f4mes<\/a><\/div><\/li><li class=\"\"><div class=\"sya_postcontent\"><span class=\"sya_date\">17 f\u00e9vrier <span class=\"sya_sep\">\u2014 <\/span><\/span><a href=\"https:\/\/etiennefd.com\/cteniq\/moloch-le-dieu-aveugle-et-stupide\/\" class=\"sya_postlink post-468\" rel=\"bookmark\">Moloch, le dieu aveugle et stupide!<\/a><\/div><\/li><\/ul><h3><a id=\"year2018\"><\/a><a href=\"https:\/\/etiennefd.com\/cteniq\/2018\/\" rel=\"section\">2018<\/a><\/h3><ul><li class=\"\"><div class=\"sya_postcontent\"><span class=\"sya_date\">25 d\u00e9cembre <span class=\"sya_sep\">\u2014 <\/span><\/span><a href=\"https:\/\/etiennefd.com\/cteniq\/mon-miracle-electronique-de-noel\/\" class=\"sya_postlink post-610\" rel=\"bookmark\">Mon miracle \u00e9lectronique de No\u00ebl<\/a><\/div><\/li><li class=\"\"><div class=\"sya_postcontent\"><span class=\"sya_date\">29 octobre <span class=\"sya_sep\">\u2014 <\/span><\/span><a href=\"https:\/\/etiennefd.com\/cteniq\/la-politique-est-un-sport-et-cest-tant-mieux\/\" class=\"sya_postlink post-588\" rel=\"bookmark\">La politique est un sport et c&rsquo;est tant mieux<\/a><\/div><\/li><li class=\"\"><div class=\"sya_postcontent\"><span class=\"sya_date\">3 ao\u00fbt <span class=\"sya_sep\">\u2014 <\/span><\/span><a href=\"https:\/\/etiennefd.com\/cteniq\/o-splendide-monde-hyperdimensionnel\/\" class=\"sya_postlink post-404\" rel=\"bookmark\">\u00d4 splendide monde hyperdimensionnel!<\/a><\/div><\/li><li class=\"\"><div class=\"sya_postcontent\"><span class=\"sya_date\">29 juillet <span class=\"sya_sep\">\u2014 <\/span><\/span><a href=\"https:\/\/etiennefd.com\/cteniq\/des-nouvelles-du-topographe\/\" class=\"sya_postlink post-554\" rel=\"bookmark\">Des nouvelles du Topographe<\/a><\/div><\/li><li class=\"\"><div class=\"sya_postcontent\"><span class=\"sya_date\">18 juin <span class=\"sya_sep\">\u2014 <\/span><\/span><a href=\"https:\/\/etiennefd.com\/cteniq\/151-ans-de-premiers-ministres-quebecois-troisieme-partie\/\" class=\"sya_postlink post-369\" rel=\"bookmark\">151 ans de premiers ministres qu\u00e9b\u00e9cois (troisi\u00e8me partie)<\/a><\/div><\/li><li class=\"\"><div class=\"sya_postcontent\"><span class=\"sya_date\">29 mai <span class=\"sya_sep\">\u2014 <\/span><\/span><a href=\"https:\/\/etiennefd.com\/cteniq\/latheisme-de-degre-deux\/\" class=\"sya_postlink post-455\" rel=\"bookmark\">L&rsquo;ath\u00e9isme de degr\u00e9 deux<\/a><\/div><\/li><li class=\"\"><div class=\"sya_postcontent\"><span class=\"sya_date\">26 f\u00e9vrier <span class=\"sya_sep\">\u2014 <\/span><\/span><a href=\"https:\/\/etiennefd.com\/cteniq\/lecons-de-sandwicherie-autopsie\/\" class=\"sya_postlink post-373\" rel=\"bookmark\">Le\u00e7ons de sandwicherie (autopsie)<\/a><\/div><\/li><li class=\"\"><div class=\"sya_postcontent\"><span class=\"sya_date\">18 f\u00e9vrier <span class=\"sya_sep\">\u2014 <\/span><\/span><a href=\"https:\/\/etiennefd.com\/cteniq\/un-hot-dog-est-il-un-sandwich\/\" class=\"sya_postlink post-328\" rel=\"bookmark\">Un hot-dog est-il un sandwich? (et autres probl\u00e8mes de d\u00e9finitions)<\/a><\/div><\/li><li class=\"\"><div class=\"sya_postcontent\"><span class=\"sya_date\">30 janvier <span class=\"sya_sep\">\u2014 <\/span><\/span><a href=\"https:\/\/etiennefd.com\/cteniq\/rapport-de-lecture-superintelligence\/\" class=\"sya_postlink post-301\" rel=\"bookmark\">Rapport de lecture\u00a0: Superintelligence<\/a><\/div><\/li><li class=\"\"><div class=\"sya_postcontent\"><span class=\"sya_date\">11 janvier <span class=\"sya_sep\">\u2014 <\/span><\/span><a href=\"https:\/\/etiennefd.com\/cteniq\/introduction-a-la-rationalite-101-pour-debutants\/\" class=\"sya_postlink post-268\" rel=\"bookmark\">Introduction \u00e0 la rationalit\u00e9 101 pour d\u00e9butants<\/a><\/div><\/li><li class=\"\"><div class=\"sya_postcontent\"><span class=\"sya_date\">2 janvier <span class=\"sya_sep\">\u2014 <\/span><\/span><a href=\"https:\/\/etiennefd.com\/cteniq\/chronique-dune-resurrection\/\" class=\"sya_postlink post-248\" rel=\"bookmark\">Chronique d&rsquo;une r\u00e9surrection<\/a><\/div><\/li><\/ul><h3><a id=\"year2017\"><\/a><a href=\"https:\/\/etiennefd.com\/cteniq\/2017\/\" rel=\"section\">2017<\/a><\/h3><ul><li class=\"\"><div class=\"sya_postcontent\"><span class=\"sya_date\">17 ao\u00fbt <span class=\"sya_sep\">\u2014 <\/span><\/span><a href=\"https:\/\/etiennefd.com\/cteniq\/fable-politique-des-hommes-scorpions\/\" class=\"sya_postlink post-244\" rel=\"bookmark\">Fable politique des hommes-scorpions<\/a><\/div><\/li><li class=\"\"><div class=\"sya_postcontent\"><span class=\"sya_date\">3 ao\u00fbt <span class=\"sya_sep\">\u2014 <\/span><\/span><a href=\"https:\/\/etiennefd.com\/cteniq\/la-plupart-des-gens-ne-croient-pas-en-dieu-meme-sils-croient-que-oui\/\" class=\"sya_postlink post-233\" rel=\"bookmark\">La plupart des gens ne croient pas en Dieu (m\u00eame s\u2019ils croient que oui)<\/a><\/div><\/li><li class=\"\"><div class=\"sya_postcontent\"><span class=\"sya_date\">20 juillet <span class=\"sya_sep\">\u2014 <\/span><\/span><a href=\"https:\/\/etiennefd.com\/cteniq\/150-ans-de-premiers-ministres-quebecois-deuxieme-partie\/\" class=\"sya_postlink post-211\" rel=\"bookmark\">150 ans de premiers ministres qu\u00e9b\u00e9cois (deuxi\u00e8me partie)<\/a><\/div><\/li><li class=\"\"><div class=\"sya_postcontent\"><span class=\"sya_date\">6 juillet <span class=\"sya_sep\">\u2014 <\/span><\/span><a href=\"https:\/\/etiennefd.com\/cteniq\/les-medias-nous-inondent-ils-de-mauvaises-nouvelles\/\" class=\"sya_postlink post-193\" rel=\"bookmark\">Les m\u00e9dias nous inondent-ils de mauvaises nouvelles?<\/a><\/div><\/li><li class=\"\"><div class=\"sya_postcontent\"><span class=\"sya_date\">29 juin <span class=\"sya_sep\">\u2014 <\/span><\/span><a href=\"https:\/\/etiennefd.com\/cteniq\/etre-riche\/\" class=\"sya_postlink post-182\" rel=\"bookmark\">\u00catre riche<\/a><\/div><\/li><li class=\"\"><div class=\"sya_postcontent\"><span class=\"sya_date\">15 juin <span class=\"sya_sep\">\u2014 <\/span><\/span><a href=\"https:\/\/etiennefd.com\/cteniq\/150-ans-de-premiers-ministres-quebecois-premiere-partie\/\" class=\"sya_postlink post-156\" rel=\"bookmark\">150 ans de premiers ministres qu\u00e9b\u00e9cois (premi\u00e8re partie)<\/a><\/div><\/li><li class=\"\"><div class=\"sya_postcontent\"><span class=\"sya_date\">8 juin <span class=\"sya_sep\">\u2014 <\/span><\/span><a href=\"https:\/\/etiennefd.com\/cteniq\/quatre-arguments-qui-rendent-les-commentaires-indigestes\/\" class=\"sya_postlink post-132\" rel=\"bookmark\">Quatre arguments qui rendent les commentaires indigestes<\/a><\/div><\/li><li class=\"\"><div class=\"sya_postcontent\"><span class=\"sya_date\">25 mai <span class=\"sya_sep\">\u2014 <\/span><\/span><a href=\"https:\/\/etiennefd.com\/cteniq\/ces-plantes-qui-auraient-voulu-faire-autre-chose-de-leur-vie\/\" class=\"sya_postlink post-60\" rel=\"bookmark\">Ces plantes qui auraient voulu faire autre chose de leur vie<\/a><\/div><\/li><li class=\"\"><div class=\"sya_postcontent\"><span class=\"sya_date\">18 mai <span class=\"sya_sep\">\u2014 <\/span><\/span><a href=\"https:\/\/etiennefd.com\/cteniq\/voir-la-vie-en-gris\/\" class=\"sya_postlink post-45\" rel=\"bookmark\">Voir la vie en gris<\/a><\/div><\/li><\/ul><div style=\"text-align:right;font-size:90%;\">Extension par <a href=\"https:\/\/www.schloebe.de\" title=\"Extension par Oliver Schl&ouml;be\">Oliver Schl&ouml;be<\/a><\/div><\/div>\n","protected":false},"excerpt":{"rendered":"","protected":false},"author":1,"featured_media":0,"parent":0,"menu_order":0,"comment_status":"closed","ping_status":"closed","template":"archive.php","meta":{"Layout":"","footnotes":""},"class_list":["entry","author-steb","post-203","page","type-page","status-publish"],"yoast_head":"<!-- This site is optimized with the Yoast SEO plugin v27.4 - https:\/\/yoast.com\/product\/yoast-seo-wordpress\/ -->\n<title>Archives - Cartographier tout et n\u2019importe quoi<\/title>\n<meta name=\"robots\" content=\"index, follow, max-snippet:-1, max-image-preview:large, max-video-preview:-1\" \/>\n<link rel=\"canonical\" href=\"https:\/\/etiennefd.com\/cteniq\/archives\/\" \/>\n<meta property=\"og:locale\" content=\"fr_FR\" \/>\n<meta property=\"og:type\" content=\"article\" \/>\n<meta property=\"og:title\" content=\"Archives - Cartographier tout et n\u2019importe quoi\" \/>\n<meta property=\"og:url\" content=\"https:\/\/etiennefd.com\/cteniq\/archives\/\" \/>\n<meta property=\"og:site_name\" content=\"Cartographier tout et n\u2019importe quoi\" \/>\n<meta property=\"article:modified_time\" content=\"2018-01-07T22:02:56+00:00\" \/>\n<meta name=\"twitter:card\" content=\"summary_large_image\" \/>\n<script type=\"application\/ld+json\" class=\"yoast-schema-graph\">{\"@context\":\"https:\\\/\\\/schema.org\",\"@graph\":[{\"@type\":\"WebPage\",\"@id\":\"https:\\\/\\\/etiennefd.com\\\/cteniq\\\/archives\\\/\",\"url\":\"https:\\\/\\\/etiennefd.com\\\/cteniq\\\/archives\\\/\",\"name\":\"Archives - Cartographier tout et n\u2019importe quoi\",\"isPartOf\":{\"@id\":\"https:\\\/\\\/etiennefd.com\\\/cteniq\\\/#website\"},\"datePublished\":\"2017-07-08T18:16:27+00:00\",\"dateModified\":\"2018-01-07T22:02:56+00:00\",\"breadcrumb\":{\"@id\":\"https:\\\/\\\/etiennefd.com\\\/cteniq\\\/archives\\\/#breadcrumb\"},\"inLanguage\":\"fr-FR\",\"potentialAction\":[{\"@type\":\"ReadAction\",\"target\":[\"https:\\\/\\\/etiennefd.com\\\/cteniq\\\/archives\\\/\"]}]},{\"@type\":\"BreadcrumbList\",\"@id\":\"https:\\\/\\\/etiennefd.com\\\/cteniq\\\/archives\\\/#breadcrumb\",\"itemListElement\":[{\"@type\":\"ListItem\",\"position\":1,\"name\":\"Home\",\"item\":\"https:\\\/\\\/etiennefd.com\\\/cteniq\\\/\"},{\"@type\":\"ListItem\",\"position\":2,\"name\":\"Archives\"}]},{\"@type\":\"WebSite\",\"@id\":\"https:\\\/\\\/etiennefd.com\\\/cteniq\\\/#website\",\"url\":\"https:\\\/\\\/etiennefd.com\\\/cteniq\\\/\",\"name\":\"Cartographier tout et n\u2019importe quoi\",\"description\":\"y compris (et surtout) des lieux qui n&#039;existent pas\",\"potentialAction\":[{\"@type\":\"SearchAction\",\"target\":{\"@type\":\"EntryPoint\",\"urlTemplate\":\"https:\\\/\\\/etiennefd.com\\\/cteniq\\\/?s={search_term_string}\"},\"query-input\":{\"@type\":\"PropertyValueSpecification\",\"valueRequired\":true,\"valueName\":\"search_term_string\"}}],\"inLanguage\":\"fr-FR\"}]}<\/script>\n<!-- \/ Yoast SEO plugin. -->","yoast_head_json":{"title":"Archives - Cartographier tout et n\u2019importe quoi","robots":{"index":"index","follow":"follow","max-snippet":"max-snippet:-1","max-image-preview":"max-image-preview:large","max-video-preview":"max-video-preview:-1"},"canonical":"https:\/\/etiennefd.com\/cteniq\/archives\/","og_locale":"fr_FR","og_type":"article","og_title":"Archives - Cartographier tout et n\u2019importe quoi","og_url":"https:\/\/etiennefd.com\/cteniq\/archives\/","og_site_name":"Cartographier tout et n\u2019importe quoi","article_modified_time":"2018-01-07T22:02:56+00:00","twitter_card":"summary_large_image","schema":{"@context":"https:\/\/schema.org","@graph":[{"@type":"WebPage","@id":"https:\/\/etiennefd.com\/cteniq\/archives\/","url":"https:\/\/etiennefd.com\/cteniq\/archives\/","name":"Archives - Cartographier tout et n\u2019importe quoi","isPartOf":{"@id":"https:\/\/etiennefd.com\/cteniq\/#website"},"datePublished":"2017-07-08T18:16:27+00:00","dateModified":"2018-01-07T22:02:56+00:00","breadcrumb":{"@id":"https:\/\/etiennefd.com\/cteniq\/archives\/#breadcrumb"},"inLanguage":"fr-FR","potentialAction":[{"@type":"ReadAction","target":["https:\/\/etiennefd.com\/cteniq\/archives\/"]}]},{"@type":"BreadcrumbList","@id":"https:\/\/etiennefd.com\/cteniq\/archives\/#breadcrumb","itemListElement":[{"@type":"ListItem","position":1,"name":"Home","item":"https:\/\/etiennefd.com\/cteniq\/"},{"@type":"ListItem","position":2,"name":"Archives"}]},{"@type":"WebSite","@id":"https:\/\/etiennefd.com\/cteniq\/#website","url":"https:\/\/etiennefd.com\/cteniq\/","name":"Cartographier tout et n\u2019importe quoi","description":"y compris (et surtout) des lieux qui n&#039;existent pas","potentialAction":[{"@type":"SearchAction","target":{"@type":"EntryPoint","urlTemplate":"https:\/\/etiennefd.com\/cteniq\/?s={search_term_string}"},"query-input":{"@type":"PropertyValueSpecification","valueRequired":true,"valueName":"search_term_string"}}],"inLanguage":"fr-FR"}]}},"_links":{"self":[{"href":"https:\/\/etiennefd.com\/cteniq\/wp-json\/wp\/v2\/pages\/203","targetHints":{"allow":["GET"]}}],"collection":[{"href":"https:\/\/etiennefd.com\/cteniq\/wp-json\/wp\/v2\/pages"}],"about":[{"href":"https:\/\/etiennefd.com\/cteniq\/wp-json\/wp\/v2\/types\/page"}],"author":[{"embeddable":true,"href":"https:\/\/etiennefd.com\/cteniq\/wp-json\/wp\/v2\/users\/1"}],"replies":[{"embeddable":true,"href":"https:\/\/etiennefd.com\/cteniq\/wp-json\/wp\/v2\/comments?post=203"}],"version-history":[{"count":3,"href":"https:\/\/etiennefd.com\/cteniq\/wp-json\/wp\/v2\/pages\/203\/revisions"}],"predecessor-version":[{"id":283,"href":"https:\/\/etiennefd.com\/cteniq\/wp-json\/wp\/v2\/pages\/203\/revisions\/283"}],"wp:attachment":[{"href":"https:\/\/etiennefd.com\/cteniq\/wp-json\/wp\/v2\/media?parent=203"}],"curies":[{"name":"wp","href":"https:\/\/api.w.org\/{rel}","templated":true}]}}